{"id":31,"date":"2015-10-21T12:34:01","date_gmt":"2015-10-21T12:34:01","guid":{"rendered":"http:\/\/test.kriesi.at\/construction\/?page_id=31"},"modified":"2020-09-27T20:03:24","modified_gmt":"2020-09-27T18:03:24","slug":"company","status":"publish","type":"page","link":"https:\/\/cifil.fr\/index.php\/company\/","title":{"rendered":"Qui sommes-nous ?"},"content":{"rendered":"<div style='padding-bottom:0px; color:#1c2244;font-size:75px;' class='av-special-heading av-special-heading-h2 custom-color-heading blockquote modern-quote modern-centered  avia-builder-el-0  el_before_av_hr  avia-builder-el-first   av-inherit-size '><h2 class='av-special-heading-tag '  itemprop=\"headline\"  >Notre savoir-faire<\/h2><div class='special-heading-border'><div class='special-heading-inner-border' style='border-color:#1c2244'><\/div><\/div><\/div>\n<div style=' margin-top:5px; margin-bottom:75px;'  class='hr hr-custom hr-center hr-icon-no   avia-builder-el-1  el_after_av_heading  el_before_av_icongrid  '><span class='hr-inner   inner-border-av-border-fat' style=' width:50px; border-color:#bf9000;' ><span class='hr-inner-style'><\/span><\/span><\/div>\n<div class='avia-icon-grid-container   avia-builder-el-2  el_after_av_hr  el_before_av_section  avia-builder-el-last  '><ul id='avia-icongrid-6a07054963987' class='clearfix avia-icongrid avia-icongrid-flipbox avia-icongrid-numrow-3 avia-icongrid-borders-between avia_animate_when_almost_visible' style='border-color:#1c2244; '>\n<li><div class='avia-icongrid-wrapper' style='color:#1c2244; '><article  class=\"article-icon-entry \"  itemscope=\"itemscope\" itemtype=\"https:\/\/schema.org\/CreativeWork\" ><div class='avia-icongrid-front' ><div class='avia-icongrid-inner'><div style='color:#bf9000; font-size:50px; ' class='avia-icongrid-icon  avia-font-entypo-fontello'><span class='icongrid-char ' aria-hidden='true' data-av_icon='\ue84e' data-av_iconfont='entypo-fontello'><\/span><\/div><header class=\"entry-content-header\"><h4 class='av_icongrid_title icongrid_title '  itemprop=\"headline\"  style='color:#bf9000; font-size:40px; '>Connaissances<\/h4><\/header><\/div><\/div><div class='avia-icongrid-content' ><div class='avia-icongrid-inner' style='color:#1c2244; '><div class='avia-icongrid-text '  itemprop=\"text\" ><p>Au plus pr\u00e8s de l\u2019environnement fiscal et immobilier afin d\u2019en minimiser les contraintes au quotidien.<\/p>\n<\/div><\/div><\/div><\/article><\/div><\/li>\n<li><div class='avia-icongrid-wrapper' style='color:#1c2244; '><article  class=\"article-icon-entry \"  itemscope=\"itemscope\" itemtype=\"https:\/\/schema.org\/CreativeWork\" ><div class='avia-icongrid-front' ><div class='avia-icongrid-inner'><div style='color:#bf9000; font-size:50px; ' class='avia-icongrid-icon  avia-font-entypo-fontello'><span class='icongrid-char ' aria-hidden='true' data-av_icon='\ue89b' data-av_iconfont='entypo-fontello'><\/span><\/div><header class=\"entry-content-header\"><h4 class='av_icongrid_title icongrid_title '  itemprop=\"headline\"  style='color:#bf9000; font-size:40px; '>Lucidit\u00e9<\/h4><\/header><\/div><\/div><div class='avia-icongrid-content' ><div class='avia-icongrid-inner' style='color:#1c2244; '><div class='avia-icongrid-text '  itemprop=\"text\" ><p>Pr\u00e9sentation de notre diagnostic pessimiste. Nous pr\u00e9f\u00e9rons partir du mauvais pied que \u00ab vendre du r\u00eave \u00bb.<\/p>\n<\/div><\/div><\/div><\/article><\/div><\/li>\n<li><div class='avia-icongrid-wrapper' style='color:#1c2244; '><article  class=\"article-icon-entry \"  itemscope=\"itemscope\" itemtype=\"https:\/\/schema.org\/CreativeWork\" ><div class='avia-icongrid-front' ><div class='avia-icongrid-inner'><div style='color:#bf9000; font-size:50px; ' class='avia-icongrid-icon  avia-font-entypo-fontello'><span class='icongrid-char ' aria-hidden='true' data-av_icon='\ue891' data-av_iconfont='entypo-fontello'><\/span><\/div><header class=\"entry-content-header\"><h4 class='av_icongrid_title icongrid_title '  itemprop=\"headline\"  style='color:#bf9000; font-size:40px; '>Technicit\u00e9 de financement<\/h4><\/header><\/div><\/div><div class='avia-icongrid-content' ><div class='avia-icongrid-inner' style='color:#1c2244; '><div class='avia-icongrid-text '  itemprop=\"text\" ><p>Notre cellule courtage est \u00e0 votre disposition pour tout projet \u2026 sans aucun honoraire ! Pourquoi s\u2019en priver ?<\/p>\n<\/div><\/div><\/div><\/article><\/div><\/li>\n<li><div class='avia-icongrid-wrapper' style='color:#1c2244; '><article  class=\"article-icon-entry \"  itemscope=\"itemscope\" itemtype=\"https:\/\/schema.org\/CreativeWork\" ><div class='avia-icongrid-front' ><div class='avia-icongrid-inner'><div style='color:#bf9000; font-size:50px; ' class='avia-icongrid-icon  avia-font-entypo-fontello'><span class='icongrid-char ' aria-hidden='true' data-av_icon='\ue82b' data-av_iconfont='entypo-fontello'><\/span><\/div><header class=\"entry-content-header\"><h4 class='av_icongrid_title icongrid_title '  itemprop=\"headline\"  style='color:#bf9000; font-size:40px; '>Souplesse<\/h4><\/header><\/div><\/div><div class='avia-icongrid-content' ><div class='avia-icongrid-inner' style='color:#1c2244; '><div class='avia-icongrid-text '  itemprop=\"text\" ><p>Souplesse d\u2019une TPE avec des interlocuteurs privil\u00e9gi\u00e9s.<\/p>\n<\/div><\/div><\/div><\/article><\/div><\/li>\n<li><div class='avia-icongrid-wrapper' style='color:#1c2244; '><article  class=\"article-icon-entry \"  itemscope=\"itemscope\" itemtype=\"https:\/\/schema.org\/CreativeWork\" ><div class='avia-icongrid-front' ><div class='avia-icongrid-inner'><div style='color:#bf9000; font-size:50px; ' class='avia-icongrid-icon  avia-font-entypo-fontello'><span class='icongrid-char ' aria-hidden='true' data-av_icon='\ue8bc' data-av_iconfont='entypo-fontello'><\/span><\/div><header class=\"entry-content-header\"><h4 class='av_icongrid_title icongrid_title '  itemprop=\"headline\"  style='color:#bf9000; font-size:40px; '>Expertise<\/h4><\/header><\/div><\/div><div class='avia-icongrid-content' ><div class='avia-icongrid-inner' style='color:#1c2244; '><div class='avia-icongrid-text '  itemprop=\"text\" ><p>V\u00e9ritable r\u00e9seau de professionnels \u00e0 travers toute la France avec des acteurs locaux reconnus et s\u00e9lectionn\u00e9s par nos soins.<\/p>\n<\/div><\/div><\/div><\/article><\/div><\/li>\n<li><div class='avia-icongrid-wrapper' style='color:#1c2244; '><article  class=\"article-icon-entry \"  itemscope=\"itemscope\" itemtype=\"https:\/\/schema.org\/CreativeWork\" ><div class='avia-icongrid-front' ><div class='avia-icongrid-inner'><div style='color:#bf9000; font-size:50px; ' class='avia-icongrid-icon  avia-font-entypo-fontello'><span class='icongrid-char ' aria-hidden='true' data-av_icon='\ue8a8' data-av_iconfont='entypo-fontello'><\/span><\/div><header class=\"entry-content-header\"><h4 class='av_icongrid_title icongrid_title '  itemprop=\"headline\"  style='color:#bf9000; font-size:40px; '>Certification<\/h4><\/header><\/div><\/div><div class='avia-icongrid-content' ><div class='avia-icongrid-inner' style='color:#1c2244; '><div class='avia-icongrid-text '  itemprop=\"text\" ><p>Certifications ORIAS, IOBSP et transactions immobili\u00e8res.<\/p>\n<\/div><\/div><\/div><\/article><\/div><\/li>\n<\/ul><\/div>\n<\/div><\/div><\/div><!-- close content main div --><\/div><\/div><div id='av_section_1' class='avia-section main_color avia-section-large avia-no-shadow avia-bg-style-scroll  avia-builder-el-3  el_after_av_icongrid  el_before_av_heading   container_wrap sidebar_right' style='background-color: #fcfcfc;  '  ><div class='container' ><div class='template-page content  av-content-small alpha units'><div class='post-entry post-entry-type-page post-entry-31'><div class='entry-content-wrapper clearfix'>\n<div style='padding-bottom:0px; color:#1c2244;font-size:75px;' class='av-special-heading av-special-heading-h2 custom-color-heading blockquote modern-quote modern-centered  avia-builder-el-4  el_before_av_hr  avia-builder-el-first   av-inherit-size '><h2 class='av-special-heading-tag '  itemprop=\"headline\"  >Nos valeurs<\/h2><div class='special-heading-border'><div class='special-heading-inner-border' style='border-color:#1c2244'><\/div><\/div><\/div>\n<div style=' margin-top:5px; margin-bottom:75px;'  class='hr hr-custom hr-center hr-icon-no   avia-builder-el-5  el_after_av_heading  el_before_av_one_third  '><span class='hr-inner   inner-border-av-border-fat' style=' width:50px; border-color:#bf9000;' ><span class='hr-inner-style'><\/span><\/span><\/div>\n<div class=\"flex_column av_one_third  av-animated-generic bottom-to-top  flex_column_div av-zero-column-padding first  avia-builder-el-6  el_after_av_hr  el_before_av_one_third  \" style='border-radius:0px; '><p><div class='avia-image-container  av-styling-no-styling    avia-builder-el-7  el_before_av_heading  avia-builder-el-first  avia-align-center '  itemprop=\"image\" itemscope=\"itemscope\" itemtype=\"https:\/\/schema.org\/ImageObject\"  ><div class='avia-image-container-inner'><div class='avia-image-overlay-wrap'><img class='avia_image' src='http:\/\/test.kriesi.at\/construction\/wp-content\/uploads\/sites\/7\/2015\/10\/team-office-495x400.jpg' alt='' title=''   itemprop=\"thumbnailUrl\"  \/><\/div><\/div><\/div><br \/>\n<div style='padding-bottom:0px; color:#bf9000;' class='av-special-heading av-special-heading-h3 custom-color-heading blockquote modern-quote modern-centered  avia-builder-el-8  el_after_av_image  el_before_av_hr   '><h3 class='av-special-heading-tag '  itemprop=\"headline\"  >Simplicit\u00e9<\/h3><div class='special-heading-border'><div class='special-heading-inner-border' style='border-color:#bf9000'><\/div><\/div><\/div><br \/>\n<div style=' margin-top:5px; margin-bottom:75px;'  class='hr hr-custom hr-center hr-icon-no   avia-builder-el-9  el_after_av_heading  el_before_av_textblock  '><span class='hr-inner   inner-border-av-border-fat' style=' width:50px; border-color:#bf9000;' ><span class='hr-inner-style'><\/span><\/span><\/div><br \/>\n<section class=\"av_textblock_section \"  itemscope=\"itemscope\" itemtype=\"https:\/\/schema.org\/CreativeWork\" ><div class='avia_textblock  av_inherit_color '  style='color:#1c2244; '  itemprop=\"text\" ><p>Expliquer simplement ce qui peut para\u00eetre difficile.<\/p>\n<\/div><\/section><\/p><\/div><div class=\"flex_column av_one_third  av-animated-generic bottom-to-top  flex_column_div av-zero-column-padding   avia-builder-el-11  el_after_av_one_third  el_before_av_one_third  \" style='border-radius:0px; '><p><div class='avia-image-container  av-styling-no-styling    avia-builder-el-12  el_before_av_heading  avia-builder-el-first  avia-align-center '  itemprop=\"image\" itemscope=\"itemscope\" itemtype=\"https:\/\/schema.org\/ImageObject\"  ><div class='avia-image-container-inner'><div class='avia-image-overlay-wrap'><img class='avia_image' src='http:\/\/test.kriesi.at\/construction\/wp-content\/uploads\/sites\/7\/2015\/10\/team-banner2-495x400.jpg' alt='' title=''   itemprop=\"thumbnailUrl\"  \/><\/div><\/div><\/div><br \/>\n<div style='padding-bottom:0px; color:#bf9000;' class='av-special-heading av-special-heading-h3 custom-color-heading blockquote modern-quote modern-centered  avia-builder-el-13  el_after_av_image  el_before_av_hr   '><h3 class='av-special-heading-tag '  itemprop=\"headline\"  >Rigueur<\/h3><div class='special-heading-border'><div class='special-heading-inner-border' style='border-color:#bf9000'><\/div><\/div><\/div><br \/>\n<div style=' margin-top:5px; margin-bottom:75px;'  class='hr hr-custom hr-center hr-icon-no   avia-builder-el-14  el_after_av_heading  el_before_av_textblock  '><span class='hr-inner   inner-border-av-border-fat' style=' width:50px; border-color:#bf9000;' ><span class='hr-inner-style'><\/span><\/span><\/div><br \/>\n<section class=\"av_textblock_section \"  itemscope=\"itemscope\" itemtype=\"https:\/\/schema.org\/CreativeWork\" ><div class='avia_textblock  av_inherit_color '  style='color:#1c2244; '  itemprop=\"text\" ><p>Un tr\u00e8s grand s\u00e9rieux est assur\u00e9 sur tous les dossiers<\/p>\n<\/div><\/section><\/p><\/div><div class=\"flex_column av_one_third  av-animated-generic bottom-to-top  flex_column_div av-zero-column-padding   avia-builder-el-16  el_after_av_one_third  avia-builder-el-last  \" style='border-radius:0px; '><p><div class='avia-image-container  av-styling-no-styling    avia-builder-el-17  el_before_av_heading  avia-builder-el-first  avia-align-center '  itemprop=\"image\" itemscope=\"itemscope\" itemtype=\"https:\/\/schema.org\/ImageObject\"  ><div class='avia-image-container-inner'><div class='avia-image-overlay-wrap'><img class='avia_image' src='http:\/\/test.kriesi.at\/construction\/wp-content\/uploads\/sites\/7\/2015\/10\/architect-handling-keys-to-a-couple-495x400.jpg' alt='' title=''   itemprop=\"thumbnailUrl\"  \/><\/div><\/div><\/div><br \/>\n<div style='padding-bottom:0px; color:#bf9000;' class='av-special-heading av-special-heading-h3 custom-color-heading blockquote modern-quote modern-centered  avia-builder-el-18  el_after_av_image  el_before_av_hr   '><h3 class='av-special-heading-tag '  itemprop=\"headline\"  >Accompagnement<\/h3><div class='special-heading-border'><div class='special-heading-inner-border' style='border-color:#bf9000'><\/div><\/div><\/div><br \/>\n<div style=' margin-top:5px; margin-bottom:75px;'  class='hr hr-custom hr-center hr-icon-no   avia-builder-el-19  el_after_av_heading  el_before_av_textblock  '><span class='hr-inner   inner-border-av-border-fat' style=' width:50px; border-color:#bf9000;' ><span class='hr-inner-style'><\/span><\/span><\/div><br \/>\n<section class=\"av_textblock_section \"  itemscope=\"itemscope\" itemtype=\"https:\/\/schema.org\/CreativeWork\" ><div class='avia_textblock  av_inherit_color '  style='color:#1c2244; '  itemprop=\"text\" ><p>Un accompagnement aupr\u00e8s des banques et des notaires si besoin, en livraison ainsi que lors des diff\u00e9rentes d\u00e9clarations fiscales. Nous ne vous l\u00e2chons pas dans la nature.<\/p>\n<\/div><\/section><\/p><\/div>\n<\/div><\/div><\/div><!-- close content main div --><\/div><\/div><div id='after_section_1' class='main_color av_default_container_wrap container_wrap sidebar_right' style=' '  ><div class='container' ><div class='template-page content  av-content-small alpha units'><div class='post-entry post-entry-type-page post-entry-31'><div class='entry-content-wrapper clearfix'>\n<div style='padding-bottom:0px; color:#1c2244;font-size:75px;' class='av-special-heading av-special-heading-h2 custom-color-heading blockquote modern-quote modern-centered  avia-builder-el-21  el_after_av_section  el_before_av_hr  avia-builder-el-first   av-inherit-size '><h2 class='av-special-heading-tag '  itemprop=\"headline\"  >CIFIL<\/h2><div class='special-heading-border'><div class='special-heading-inner-border' style='border-color:#1c2244'><\/div><\/div><\/div>\n<div style=' margin-top:5px; margin-bottom:75px;'  class='hr hr-custom hr-center hr-icon-no   avia-builder-el-22  el_after_av_heading  el_before_av_one_half  '><span class='hr-inner   inner-border-av-border-fat' style=' width:50px; border-color:#bf9000;' ><span class='hr-inner-style'><\/span><\/span><\/div>\n<div class=\"flex_column av_one_half  av-animated-generic bottom-to-top  flex_column_div av-zero-column-padding first  avia-builder-el-23  el_after_av_hr  el_before_av_one_half  \" style='border-radius:0px; '><section class=\"av_textblock_section \"  itemscope=\"itemscope\" itemtype=\"https:\/\/schema.org\/CreativeWork\" ><div class='avia_textblock  av_inherit_color '  style='color:#1c2244; '  itemprop=\"text\" ><p>Nous le savons que trop bien, il est tr\u00e8s difficile de s\u2019y retrouver dans la jungle d\u2019informations concernant la gestion financi\u00e8re ou fiscale.<\/p>\n<p>\u00ab <em>Issu de la m\u00e9canique g\u00e9n\u00e9rale, j\u2019ai eu la chance d\u2019avoir choisi mon m\u00e9tier, d\u2019en faire une passion, et d\u2019avoir \u00e9t\u00e9 des \u00ab deux c\u00f4t\u00e9s de la finance<\/em> \u00bb. \u00bb<\/p>\n<p>C\u2019est pourquoi nous sommes \u00e0 vos c\u00f4t\u00e9s depuis de longues ann\u00e9es maintenant en s\u2019appuyant sur des valeurs fortes telles que la simplicit\u00e9, un grand savoir-faire, un accompagnement personnalis\u00e9 en essayant d\u2019\u00eatre le plus p\u00e9dagogue possible.<\/p>\n<\/div><\/section><\/div>\n<div class=\"flex_column av_one_half  av-animated-generic bottom-to-top  flex_column_div av-zero-column-padding   avia-builder-el-25  el_after_av_one_half  avia-builder-el-last  \" style='border-radius:0px; '><section class=\"av_textblock_section \"  itemscope=\"itemscope\" itemtype=\"https:\/\/schema.org\/CreativeWork\" ><div class='avia_textblock  av_inherit_color '  style='color:#1c2244; '  itemprop=\"text\" ><p>Originaire des Monts du Forez et implant\u00e9 sur Lyon, le cabinet travaille en \u00e9troite collaboration avec de nombreux partenaires immobiliers et des acteurs locaux de la gestion.<\/p>\n<p><strong>Maxime PINAY, fondateur de CIFIL<\/strong><\/p>\n<\/div><\/section><\/div>\n","protected":false},"excerpt":{"rendered":"","protected":false},"author":1,"featured_media":0,"parent":0,"menu_order":0,"comment_status":"closed","ping_status":"closed","template":"","meta":[],"_links":{"self":[{"href":"https:\/\/cifil.fr\/index.php\/wp-json\/wp\/v2\/pages\/31"}],"collection":[{"href":"https:\/\/cifil.fr\/index.php\/wp-json\/wp\/v2\/pages"}],"about":[{"href":"https:\/\/cifil.fr\/index.php\/wp-json\/wp\/v2\/types\/page"}],"author":[{"embeddable":true,"href":"https:\/\/cifil.fr\/index.php\/wp-json\/wp\/v2\/users\/1"}],"replies":[{"embeddable":true,"href":"https:\/\/cifil.fr\/index.php\/wp-json\/wp\/v2\/comments?post=31"}],"version-history":[{"count":36,"href":"https:\/\/cifil.fr\/index.php\/wp-json\/wp\/v2\/pages\/31\/revisions"}],"predecessor-version":[{"id":1290,"href":"https:\/\/cifil.fr\/index.php\/wp-json\/wp\/v2\/pages\/31\/revisions\/1290"}],"wp:attachment":[{"href":"https:\/\/cifil.fr\/index.php\/wp-json\/wp\/v2\/media?parent=31"}],"curies":[{"name":"wp","href":"https:\/\/api.w.org\/{rel}","templated":true}]}}