{"id":257,"date":"2016-05-23T10:30:48","date_gmt":"2016-05-23T10:30:48","guid":{"rendered":"http:\/\/test.kriesi.at\/enfold-health-coach\/?page_id=257"},"modified":"2020-09-27T20:02:38","modified_gmt":"2020-09-27T18:02:38","slug":"services","status":"publish","type":"page","link":"https:\/\/cifil.fr\/index.php\/services\/","title":{"rendered":"Nos services"},"content":{"rendered":"<div id='welcome' class='av-layout-grid-container entry-content-wrapper main_color av-fixed-cells     avia-builder-el-0  el_before_av_section  avia-builder-el-first  container_wrap sidebar_right' style=' '  >\n<div class=\"flex_cell no_margin av_one_fourth  avia-builder-el-1  el_before_av_cell_one_fourth  avia-builder-el-first    av-zero-padding \" style='height:15px; min-height:15px;background: #1c2244; vertical-align:top; padding:0px; background-color:#1c2244; '><div class='flex_cell_inner' ><\/div><\/div><div class=\"flex_cell no_margin av_one_fourth  avia-builder-el-2  el_after_av_cell_one_fourth  el_before_av_cell_one_fourth    av-zero-padding \" style='height:15px; min-height:15px;background: #383e5b; vertical-align:top; padding:0px; background-color:#383e5b; '><div class='flex_cell_inner' ><\/div><\/div><div class=\"flex_cell no_margin av_one_fourth  avia-builder-el-3  el_after_av_cell_one_fourth  el_before_av_cell_one_fourth    av-zero-padding \" style='height:15px; min-height:15px;background: #50546f; vertical-align:top; padding:0px; background-color:#50546f; '><div class='flex_cell_inner' ><\/div><\/div><div class=\"flex_cell no_margin av_one_fourth  avia-builder-el-4  el_after_av_cell_one_fourth  avia-builder-el-last    av-zero-padding \" style='height:15px; min-height:15px;background: #808397; vertical-align:top; padding:0px; background-color:#808397; '><div class='flex_cell_inner' ><\/div><\/div>\n<\/div>\n<div id='av_section_1' class='avia-section main_color avia-section-large avia-no-border-styling avia-bg-style-scroll  avia-builder-el-5  el_after_av_layout_row  el_before_av_layout_row    container_wrap sidebar_right' style='background-color: #ffffff;  '  ><div class='container' ><div class='template-page content  av-content-small alpha units'><div class='post-entry post-entry-type-page post-entry-257'><div class='entry-content-wrapper clearfix'>\n<div style='padding-bottom:20px; color:#1c2244;font-size:50px;' class='av-special-heading av-special-heading-h1 custom-color-heading blockquote modern-quote modern-centered  avia-builder-el-6  el_before_av_hr  avia-builder-el-first   av-inherit-size '><h1 class='av-special-heading-tag '  itemprop=\"headline\"  >Ce que nous r\u00e9alisons pour vous<\/h1><div class='special-heading-border'><div class='special-heading-inner-border' style='border-color:#1c2244'><\/div><\/div><\/div>\n<div style=' margin-top:30px; margin-bottom:30px;'  class='hr hr-custom hr-center hr-icon-no   avia-builder-el-7  el_after_av_heading  el_before_av_hr  '><span class='hr-inner   inner-border-av-border-fat' style=' width:50px; border-color:#bf9000;' ><span class='hr-inner-style'><\/span><\/span><\/div>\n<div style='height:50px' class='hr hr-invisible   avia-builder-el-8  el_after_av_hr  el_before_av_one_half '><span class='hr-inner ' ><span class='hr-inner-style'><\/span><\/span><\/div>\n<div class=\"flex_column av_one_half  flex_column_div av-zero-column-padding first  avia-builder-el-9  el_after_av_hr  el_before_av_one_half  \" style='border-radius:0px; '><article class=\"iconbox iconbox_left_content    avia-builder-el-10  avia-builder-el-no-sibling   \"  itemscope=\"itemscope\" itemtype=\"https:\/\/schema.org\/CreativeWork\" ><div class=\"iconbox_icon heading-color \" aria-hidden='true' data-av_icon='\ue864' data-av_iconfont='entypo-fontello'  style='background-color:#bf9000; color:#ffffff; ' ><\/div><div class=\"iconbox_content\"><header class=\"entry-content-header\"><h3 class='iconbox_content_title  '  itemprop=\"headline\"   style='color:#bf9000; '>D\u00e9fiscalisation<\/h3><\/header><div class='iconbox_content_container av_inherit_color '  itemprop=\"text\"   style='color:#1c2244; '><p>\u00ab Et si on utilisait nos imp\u00f4ts pour notre patrimoine ? \u00bb<\/p>\n<\/div><\/div><footer class=\"entry-footer\"><\/footer><\/article><\/div><div class=\"flex_column av_one_half  flex_column_div av-zero-column-padding   avia-builder-el-11  el_after_av_one_half  el_before_av_one_half  \" style='border-radius:0px; '><article class=\"iconbox iconbox_left_content    avia-builder-el-12  avia-builder-el-no-sibling   \"  itemscope=\"itemscope\" itemtype=\"https:\/\/schema.org\/CreativeWork\" ><div class=\"iconbox_icon heading-color \" aria-hidden='true' data-av_icon='\ue8c5' data-av_iconfont='entypo-fontello'  style='background-color:#bf9000; color:#fcfcfc; ' ><\/div><div class=\"iconbox_content\"><header class=\"entry-content-header\"><h3 class='iconbox_content_title  '  itemprop=\"headline\"   style='color:#bf9000; '>Ing\u00e9nierie financi\u00e8re<\/h3><\/header><div class='iconbox_content_container av_inherit_color '  itemprop=\"text\"   style='color:#1c2244; '><p>\u00ab Comment doper mon \u00e9pargne ? \u00bb<\/p>\n<\/div><\/div><footer class=\"entry-footer\"><\/footer><\/article><\/div><div class=\"flex_column av_one_half  flex_column_div av-zero-column-padding first  avia-builder-el-13  el_after_av_one_half  el_before_av_one_half  column-top-margin\" style='border-radius:0px; '><article class=\"iconbox iconbox_left_content    avia-builder-el-14  avia-builder-el-no-sibling   \"  itemscope=\"itemscope\" itemtype=\"https:\/\/schema.org\/CreativeWork\" ><div class=\"iconbox_icon heading-color \" aria-hidden='true' data-av_icon='\ue85b' data-av_iconfont='entypo-fontello'  style='background-color:#bf9000; color:#ffffff; ' ><\/div><div class=\"iconbox_content\"><header class=\"entry-content-header\"><h3 class='iconbox_content_title  '  itemprop=\"headline\"   style='color:#bf9000; '>Pr\u00e9voyance<\/h3><\/header><div class='iconbox_content_container av_inherit_color '  itemprop=\"text\"   style='color:#1c2244; '><p>\u00ab Pr\u00e9venir mes \u00e9ch\u00e9ances importantes \u00e0 venir, c\u2019est maintenant ou plus tard ? \u00bb<\/p>\n<\/div><\/div><footer class=\"entry-footer\"><\/footer><\/article><\/div><div class=\"flex_column av_one_half  flex_column_div av-zero-column-padding   avia-builder-el-15  el_after_av_one_half  el_before_av_one_half  column-top-margin\" style='border-radius:0px; '><article class=\"iconbox iconbox_left_content    avia-builder-el-16  avia-builder-el-no-sibling   \"  itemscope=\"itemscope\" itemtype=\"https:\/\/schema.org\/CreativeWork\" ><div class=\"iconbox_icon heading-color \" aria-hidden='true' data-av_icon='\ue8b6' data-av_iconfont='entypo-fontello'  style='background-color:#bf9000; color:#ffffff; ' ><\/div><div class=\"iconbox_content\"><header class=\"entry-content-header\"><h3 class='iconbox_content_title  '  itemprop=\"headline\"   style='color:#bf9000; '>Retraite<\/h3><\/header><div class='iconbox_content_container av_inherit_color '  itemprop=\"text\"   style='color:#1c2244; '><p>\u00ab Et si je me la pr\u00e9parais moi-m\u00eame ? \u00bb<\/p>\n<\/div><\/div><footer class=\"entry-footer\"><\/footer><\/article><\/div><div class=\"flex_column av_one_half  flex_column_div av-zero-column-padding first  avia-builder-el-17  el_after_av_one_half  el_before_av_one_half  column-top-margin\" style='border-radius:0px; '><article class=\"iconbox iconbox_left_content    avia-builder-el-18  avia-builder-el-no-sibling   \"  itemscope=\"itemscope\" itemtype=\"https:\/\/schema.org\/CreativeWork\" ><div class=\"iconbox_icon heading-color \" aria-hidden='true' data-av_icon='\ue8d7' data-av_iconfont='entypo-fontello'  style='background-color:#bf9000; color:#ffffff; ' ><\/div><div class=\"iconbox_content\"><header class=\"entry-content-header\"><h3 class='iconbox_content_title  '  itemprop=\"headline\"   style='color:#bf9000; '> Gestion de patrimoine<\/h3><\/header><div class='iconbox_content_container av_inherit_color '  itemprop=\"text\"   style='color:#1c2244; '><p>\u00ab Arr\u00eat sur image de la situation, bilan patrimonial complet sur le long terme \u00bb<\/p>\n<\/div><\/div><footer class=\"entry-footer\"><\/footer><\/article><\/div><div class=\"flex_column av_one_half  flex_column_div av-zero-column-padding   avia-builder-el-19  el_after_av_one_half  avia-builder-el-last  column-top-margin\" style='border-radius:0px; '><article class=\"iconbox iconbox_left_content    avia-builder-el-20  avia-builder-el-no-sibling   \"  itemscope=\"itemscope\" itemtype=\"https:\/\/schema.org\/CreativeWork\" ><div class=\"iconbox_icon heading-color \" aria-hidden='true' data-av_icon='\ue80b' data-av_iconfont='entypo-fontello'  style='background-color:#bf9000; color:#ffffff; ' ><\/div><div class=\"iconbox_content\"><header class=\"entry-content-header\"><h3 class='iconbox_content_title  '  itemprop=\"headline\"   style='color:#bf9000; '>Conseils<\/h3><\/header><div class='iconbox_content_container av_inherit_color '  itemprop=\"text\"   style='color:#1c2244; '><p>\u00ab Que ferions-nous \u00e0 votre place ? \u00bb<\/p>\n<\/div><\/div><footer class=\"entry-footer\"><\/footer><\/article><\/div>\n\n<\/div><\/div><\/div><!-- close content main div --><\/div><\/div><div id='av-layout-grid-2' class='av-layout-grid-container entry-content-wrapper main_color av-flex-cells     avia-builder-el-21  el_after_av_section  el_before_av_layout_row  submenu-not-first container_wrap sidebar_right' style=' '  >\n<div class=\"flex_cell no_margin av_one_half  avia-builder-el-22  el_before_av_cell_one_half  avia-builder-el-first    avia-full-stretch av-zero-padding \" style='background:url(https:\/\/cifil.fr\/wp-content\/uploads\/2019\/10\/chateau-pinay-photo-1.jpg) center left no-repeat scroll; vertical-align:middle; padding:0px; '><div class='flex_cell_inner' ><\/div><\/div><div class=\"flex_cell no_margin av_one_half  avia-builder-el-23  el_after_av_cell_one_half  avia-builder-el-last    \" style='background: #ffffff; vertical-align:middle; padding:100px; background-color:#ffffff; '><div class='flex_cell_inner' ><p><div style='padding-bottom:20px; color:#bf9000;font-size:36px;' class='av-special-heading av-special-heading-h1 custom-color-heading blockquote modern-quote  avia-builder-el-24  el_before_av_textblock  avia-builder-el-first   av-inherit-size '><h1 class='av-special-heading-tag '  itemprop=\"headline\"  ><u>\u00ab Rendre l\u2019ing\u00e9nierie financi\u00e8re accessible et compr\u00e9hensible par tous \u00bb<\/u><\/h1><div class='special-heading-border'><div class='special-heading-inner-border' style='border-color:#bf9000'><\/div><\/div><\/div><br \/>\n<section class=\"av_textblock_section \"  itemscope=\"itemscope\" itemtype=\"https:\/\/schema.org\/CreativeWork\" ><div class='avia_textblock  '   itemprop=\"text\" ><\/div><\/section><\/p>\n<\/div><\/div>\n<\/div>\n<div id='av-layout-grid-3' class='av-layout-grid-container entry-content-wrapper main_color av-flex-cells     avia-builder-el-26  el_after_av_layout_row  avia-builder-el-last  submenu-not-first container_wrap sidebar_right' style=' '  >\n<div class=\"flex_cell no_margin av_one_half  avia-builder-el-27  el_before_av_cell_one_half  avia-builder-el-first   avia-full-stretch \" style='vertical-align:middle; padding:100px; '><div class='flex_cell_inner' ><p><div style='padding-bottom:20px; font-size:50px;' class='av-special-heading av-special-heading-h1  blockquote modern-quote  avia-builder-el-28  el_before_av_hr  avia-builder-el-first   av-inherit-size '><h1 class='av-special-heading-tag '  itemprop=\"headline\"  ><u>CIFIL recrute !<\/u> <\/h1><div class='special-heading-border'><div class='special-heading-inner-border' ><\/div><\/div><\/div><br \/>\n<div style=' margin-top:30px; margin-bottom:30px;'  class='hr hr-custom hr-center hr-icon-no   avia-builder-el-29  el_after_av_heading  el_before_av_textblock  '><span class='hr-inner   inner-border-av-border-fat' style=' width:50px; border-color:#bf9000;' ><span class='hr-inner-style'><\/span><\/span><\/div><br \/>\n<section class=\"av_textblock_section \"  itemscope=\"itemscope\" itemtype=\"https:\/\/schema.org\/CreativeWork\" ><div class='avia_textblock  av_inherit_color '  style='color:#1c2244; '  itemprop=\"text\" ><p>En plein d\u00e9veloppement, CIFIL recherche \u00e0 \u00e9toffer son \u00e9quipe pour rester au plus pr\u00e8s de chaque client. Contactez-nous pour avoir davantage de renseignements.<\/p>\n<\/div><\/section><\/p>\n<\/div><\/div><div class=\"flex_cell no_margin av_one_half  avia-builder-el-31  el_after_av_cell_one_half  avia-builder-el-last    avia-full-stretch av-zero-padding \" style='background:url(https:\/\/cifil.fr\/wp-content\/uploads\/2019\/10\/campagne-bleue.jpg) bottom right no-repeat scroll; vertical-align:middle; padding:0px; '><div class='flex_cell_inner' ><\/div><\/div><\/div>\n","protected":false},"excerpt":{"rendered":"","protected":false},"author":1,"featured_media":0,"parent":0,"menu_order":0,"comment_status":"closed","ping_status":"closed","template":"","meta":[],"_links":{"self":[{"href":"https:\/\/cifil.fr\/index.php\/wp-json\/wp\/v2\/pages\/257"}],"collection":[{"href":"https:\/\/cifil.fr\/index.php\/wp-json\/wp\/v2\/pages"}],"about":[{"href":"https:\/\/cifil.fr\/index.php\/wp-json\/wp\/v2\/types\/page"}],"author":[{"embeddable":true,"href":"https:\/\/cifil.fr\/index.php\/wp-json\/wp\/v2\/users\/1"}],"replies":[{"embeddable":true,"href":"https:\/\/cifil.fr\/index.php\/wp-json\/wp\/v2\/comments?post=257"}],"version-history":[{"count":23,"href":"https:\/\/cifil.fr\/index.php\/wp-json\/wp\/v2\/pages\/257\/revisions"}],"predecessor-version":[{"id":1289,"href":"https:\/\/cifil.fr\/index.php\/wp-json\/wp\/v2\/pages\/257\/revisions\/1289"}],"wp:attachment":[{"href":"https:\/\/cifil.fr\/index.php\/wp-json\/wp\/v2\/media?parent=257"}],"curies":[{"name":"wp","href":"https:\/\/api.w.org\/{rel}","templated":true}]}}